{"id":110,"date":"2024-06-06T16:53:48","date_gmt":"2024-06-06T16:53:48","guid":{"rendered":"https:\/\/doraldrivingschool.com\/?page_id=110"},"modified":"2024-06-21T21:23:22","modified_gmt":"2024-06-21T21:23:22","slug":"services","status":"publish","type":"page","link":"https:\/\/doraldrivingschool.com\/es\/services\/","title":{"rendered":"Servicios"},"content":{"rendered":"<div data-elementor-type=\"wp-page\" data-elementor-id=\"110\" class=\"elementor elementor-110\" data-elementor-post-type=\"page\">\n\t\t\t\t<div class=\"elementor-element elementor-element-1417344 e-flex e-con-boxed e-con e-parent\" data-id=\"1417344\" data-element_type=\"container\">\n\t\t\t\t\t<div class=\"e-con-inner\">\n\t\t<div class=\"elementor-element elementor-element-2dfba99 e-flex e-con-boxed elementor-invisible e-con e-child\" data-id=\"2dfba99\" data-element_type=\"container\" data-settings=\"{&quot;background_background&quot;:&quot;classic&quot;,&quot;animation&quot;:&quot;fadeInLeft&quot;}\">\n\t\t\t\t\t<div class=\"e-con-inner\">\n\t\t\t\t\t<\/div>\n\t\t\t\t<\/div>\n\t\t<div class=\"elementor-element elementor-element-909bdd0 e-flex e-con-boxed elementor-invisible e-con e-child\" data-id=\"909bdd0\" data-element_type=\"container\" data-settings=\"{&quot;animation&quot;:&quot;fadeInRight&quot;}\">\n\t\t\t\t\t<div class=\"e-con-inner\">\n\t\t\t\t<div class=\"elementor-element elementor-element-ce0f7e8 elementor-widget elementor-widget-heading\" data-id=\"ce0f7e8\" data-element_type=\"widget\" data-widget_type=\"heading.default\">\n\t\t\t\t<div class=\"elementor-widget-container\">\n\t\t\t\t\t<h2 class=\"elementor-heading-title elementor-size-default\">Algunas Caracter\u00edsticas Sorprendentes<\/h2>\t\t\t\t<\/div>\n\t\t\t\t<\/div>\n\t\t\t\t<div class=\"elementor-element elementor-element-f885e38 elementor-widget elementor-widget-text-editor\" data-id=\"f885e38\" data-element_type=\"widget\" data-widget_type=\"text-editor.default\">\n\t\t\t\t<div class=\"elementor-widget-container\">\n\t\t\t\t\t\t\t\t\t<p class=\"translation-block\"><strong>Doral Driving School<\/strong> es una instituci\u00f3n educativa integral convenientemente <strong>situada para su conveniencia.<\/strong><\/p><p class=\"translation-block\">Emprender el camino hacia la obtenci\u00f3n de una <strong>licencia de conducir de Florida<\/strong> comienza con aprobar el examen escrito. Florida exige que todos los conductores novatos, <strong>ya sean adolescentes o adultos,<\/strong> deben pasar con \u00e9xito la evaluaci\u00f3n escrita para adquirir un permiso de instrucci\u00f3n antes de comenzar las sesiones de pr\u00e1ctica al volante.<\/p><p class=\"translation-block\">En <strong>Doral Driving School<\/strong>, nuestros instructores expertos te impartir\u00e1n las esenciales <strong>Reglas de Tr\u00e1nsito<\/strong>, facilitando la obtenci\u00f3n de tu permiso de instrucci\u00f3n sin esfuerzo. Cuando necesites orientaci\u00f3n preparatoria para el examen escrito, conf\u00eda en <strong>Doral Driving School<\/strong> para ofrecerte una instrucci\u00f3n de primera calidad a tarifas competitivas.<\/p>\t\t\t\t\t\t\t\t<\/div>\n\t\t\t\t<\/div>\n\t\t\t\t\t<\/div>\n\t\t\t\t<\/div>\n\t\t\t\t\t<\/div>\n\t\t\t\t<\/div>\n\t\t<div class=\"elementor-element elementor-element-7d1f3ea e-flex e-con-boxed e-con e-parent\" data-id=\"7d1f3ea\" data-element_type=\"container\" data-settings=\"{&quot;background_background&quot;:&quot;classic&quot;}\">\n\t\t\t\t\t<div class=\"e-con-inner\">\n\t\t\t\t<div class=\"elementor-element elementor-element-bc0ee5f elementor-widget__width-initial elementor-widget-mobile__width-inherit elementor-widget elementor-widget-text-editor\" data-id=\"bc0ee5f\" data-element_type=\"widget\" data-widget_type=\"text-editor.default\">\n\t\t\t\t<div class=\"elementor-widget-container\">\n\t\t\t\t\t\t\t\t\t<p>Un impresionante 95% de nuestros estudiantes aprueban el examen en su primer intento.<\/p>\t\t\t\t\t\t\t\t<\/div>\n\t\t\t\t<\/div>\n\t\t\t\t<div class=\"elementor-element elementor-element-57bda6a elementor-widget__width-initial elementor-widget-mobile__width-inherit elementor-widget elementor-widget-text-editor\" data-id=\"57bda6a\" data-element_type=\"widget\" data-widget_type=\"text-editor.default\">\n\t\t\t\t<div class=\"elementor-widget-container\">\n\t\t\t\t\t\t\t\t\t<p class=\"translation-block\">Nos dedicamos a inculcar en los individuos la importancia de las <strong>pr\u00e1cticas de conducci\u00f3n defensiva segura<\/strong> mientras ayudamos a los nuevos conductores a obtener su <strong>licencia de conducir del Estado de Florida.<\/strong> Adem\u00e1s, a trav\u00e9s de nuestro programa, brindamos asistencia a turistas y ciudadanos extranjeros, ya sea que posean una licencia de conducir de su pa\u00eds de origen o no, en la obtenci\u00f3n de la <strong>licencia de conducir de Florida.<\/strong> Ofrecemos servicios de recogida en el hogar y opciones de programaci\u00f3n flexibles para su m\u00e1xima conveniencia.<\/p>\t\t\t\t\t\t\t\t<\/div>\n\t\t\t\t<\/div>\n\t\t\t\t\t<\/div>\n\t\t\t\t<\/div>\n\t\t<div class=\"elementor-element elementor-element-a9aee10 e-flex e-con-boxed e-con e-parent\" data-id=\"a9aee10\" data-element_type=\"container\">\n\t\t\t\t\t<div class=\"e-con-inner\">\n\t\t\t\t<div class=\"elementor-element elementor-element-2dab49d elementor-widget__width-inherit elementor-invisible elementor-widget elementor-widget-heading\" data-id=\"2dab49d\" data-element_type=\"widget\" data-settings=\"{&quot;_animation&quot;:&quot;fadeInLeft&quot;}\" data-widget_type=\"heading.default\">\n\t\t\t\t<div class=\"elementor-widget-container\">\n\t\t\t\t\t<h2 class=\"elementor-heading-title elementor-size-default\">Nuestro Proceso de Licenciamiento<\/h2>\t\t\t\t<\/div>\n\t\t\t\t<\/div>\n\t\t\t\t<div class=\"elementor-element elementor-element-34f71f3 elementor-widget__width-inherit elementor-widget-mobile__width-inherit elementor-widget elementor-widget-text-editor\" data-id=\"34f71f3\" data-element_type=\"widget\" data-widget_type=\"text-editor.default\">\n\t\t\t\t<div class=\"elementor-widget-container\">\n\t\t\t\t\t\t\t\t\t<p>Este es el proceso simplificado que seguimos para garantizar que todos nuestros estudiantes obtengan con \u00e9xito sus licencias.<\/p>\t\t\t\t\t\t\t\t<\/div>\n\t\t\t\t<\/div>\n\t\t\t\t<div class=\"elementor-element elementor-element-e83a834 elementor-flip-box--effect-push elementor-widget__width-initial elementor-widget-mobile__width-inherit elementor-flip-box--direction-up elementor-invisible elementor-widget elementor-widget-flip-box\" data-id=\"e83a834\" data-element_type=\"widget\" data-settings=\"{&quot;_animation&quot;:&quot;bounceInDown&quot;}\" data-widget_type=\"flip-box.default\">\n\t\t\t\t<div class=\"elementor-widget-container\">\n\t\t\t\t\t\t\t<div class=\"elementor-flip-box\" tabindex=\"0\">\n\t\t\t<div class=\"elementor-flip-box__layer elementor-flip-box__front\">\n\t\t\t\t<div class=\"elementor-flip-box__layer__overlay\">\n\t\t\t\t\t<div class=\"elementor-flip-box__layer__inner\">\n\t\t\t\t\t\t\t\t\t\t\t\t\t<div class=\"elementor-icon-wrapper elementor-view-default\">\n\t\t\t\t\t\t\t\t<div class=\"elementor-icon\">\n\t\t\t\t\t\t\t\t\t<svg xmlns=\"http:\/\/www.w3.org\/2000\/svg\" xmlns:svg=\"http:\/\/www.w3.org\/2000\/svg\" id=\"svg1889\" width=\"682.66669\" height=\"682.66669\" viewbox=\"0 0 682.66669 682.66669\"><defs id=\"defs1893\"><clippath clippathunits=\"userSpaceOnUse\" id=\"clipPath1903\"><path d=\"M 0,512 H 512 V 0 H 0 Z\" id=\"path1901\"><\/path><\/clippath><\/defs><mask id=\"custom\"><rect id=\"bg\" x=\"0\" y=\"0\" width=\"100%\" height=\"100%\" fill=\"white\"><\/rect><g transform=\"matrix(1.3333333,0,0,-1.3333333,0,682.66667)\"><\/g><\/mask><g mask=\"url(#custom)\"><g id=\"g1895\" transform=\"matrix(1.3333333,0,0,-1.3333333,0,682.66667)\"><g id=\"g1897\"><g id=\"g1899\" clip-path=\"url(#clipPath1903)\"><g id=\"g1905\" transform=\"translate(106,273.125)\"><path d=\"M 0,0 C 0,45.287 36.713,82 82,82 127.287,82 164,45.287 164,0 164,-45.287 127.287,-82 82,-82 36.713,-82 0,-45.287 0,0 Z\" style=\"fill:none;stroke:#000000;stroke-width:40;stroke-linecap:round;stroke-linejoin:round;stroke-miterlimit:10;stroke-dasharray:none;stroke-opacity:1\" id=\"path1907\"><\/path><\/g><g id=\"g1909\" transform=\"translate(234,20)\"><path d=\"m 0,0 h -174 c -27.129,0 -46.39,26.435 -38.083,52.261 22.067,68.611 89.699,118.26 165.645,118.26 36.229,0 69.818,-11.298 97.438,-30.563\" style=\"fill:none;stroke:#000000;stroke-width:40;stroke-linecap:round;stroke-linejoin:round;stroke-miterlimit:10;stroke-dasharray:none;stroke-opacity:1\" id=\"path1911\"><\/path><\/g><g id=\"g1913\" transform=\"translate(313,410)\"><path d=\"M 0,0 C 0,45.287 36.713,82 82,82 127.287,82 164,45.287 164,0 164,-45.287 127.287,-82 82,-82 36.713,-82 0,-45.287 0,0 Z\" style=\"fill:none;stroke:#000000;stroke-width:40;stroke-linecap:round;stroke-linejoin:round;stroke-miterlimit:10;stroke-dasharray:none;stroke-opacity:1\" id=\"path1915\"><\/path><\/g><g id=\"g1917\" transform=\"translate(270.6299,274)\"><path d=\"m 0,0 c 31.085,32.88 75.113,53.396 123.933,53.396 36.228,0 69.817,-11.298 97.437,-30.563\" style=\"fill:none;stroke:#000000;stroke-width:40;stroke-linecap:round;stroke-linejoin:round;stroke-miterlimit:10;stroke-dasharray:none;stroke-opacity:1\" id=\"path1919\"><\/path><\/g><g id=\"g1921\" transform=\"translate(417,20)\"><path d=\"M 0,0 V 150\" style=\"fill:none;stroke:#000000;stroke-width:40;stroke-linecap:round;stroke-linejoin:round;stroke-miterlimit:10;stroke-dasharray:none;stroke-opacity:1\" id=\"path1923\"><\/path><\/g><g id=\"g1925\" transform=\"translate(492,95)\"><path d=\"M 0,0 H -150\" style=\"fill:none;stroke:#000000;stroke-width:40;stroke-linecap:round;stroke-linejoin:round;stroke-miterlimit:10;stroke-dasharray:none;stroke-opacity:1\" id=\"path1927\"><\/path><\/g><\/g><\/g><\/g><\/g><\/svg>\t\t\t\t\t\t\t\t<\/div>\n\t\t\t\t\t\t\t<\/div>\n\t\t\t\t\t\t\n\t\t\t\t\t\t\t\t\t\t\t\t\t<h3 class=\"elementor-flip-box__layer__title\">\n\t\t\t\t\t\t\t\tPrimer Paso\t\t\t\t\t\t\t<\/h3>\n\t\t\t\t\t\t\n\t\t\t\t\t\t\t\t\t\t\t<\/div>\n\t\t\t\t<\/div>\n\t\t\t<\/div>\n\t\t\t<div class=\"elementor-flip-box__layer elementor-flip-box__back\">\n\t\t\t<div class=\"elementor-flip-box__layer__overlay\">\n\t\t\t\t<div class=\"elementor-flip-box__layer__inner\">\n\t\t\t\t\t\t\t\t\t\t\t<h3 class=\"elementor-flip-box__layer__title\">\n\t\t\t\t\t\t\tInscr\u00edbete en la Escuela\t\t\t\t\t\t<\/h3>\n\t\t\t\t\t\n\t\t\t\t\t\t\t\t\t\t\t<div class=\"elementor-flip-box__layer__description\">\n\t\t\t\t\t\t\tEl primer paso para obtener tu licencia es inscribirte en nuestra escuela de manejo. Nuestros programas integrales est\u00e1n dise\u00f1ados para proporcionarte las habilidades y conocimientos que necesitas para convertirte en un conductor seguro y confiado. \u00a1Reg\u00edstrate hoy para comenzar tu camino hacia la obtenci\u00f3n de tu licencia!\t\t\t\t\t\t<\/div>\n\t\t\t\t\t\n\t\t\t\t\t\t\t\t<\/div>\n\t\t<\/div>\n\t\t<\/div>\n\t\t<\/div>\n\t\t\t\t\t\t<\/div>\n\t\t\t\t<\/div>\n\t\t\t\t<div class=\"elementor-element elementor-element-067501c elementor-flip-box--effect-push elementor-widget__width-initial elementor-widget-mobile__width-inherit elementor-flip-box--direction-up elementor-invisible elementor-widget elementor-widget-flip-box\" data-id=\"067501c\" data-element_type=\"widget\" data-settings=\"{&quot;_animation&quot;:&quot;bounceInDown&quot;}\" data-widget_type=\"flip-box.default\">\n\t\t\t\t<div class=\"elementor-widget-container\">\n\t\t\t\t\t\t\t<div class=\"elementor-flip-box\" tabindex=\"0\">\n\t\t\t<div class=\"elementor-flip-box__layer elementor-flip-box__front\">\n\t\t\t\t<div class=\"elementor-flip-box__layer__overlay\">\n\t\t\t\t\t<div class=\"elementor-flip-box__layer__inner\">\n\t\t\t\t\t\t\t\t\t\t\t\t\t<div class=\"elementor-icon-wrapper elementor-view-default\">\n\t\t\t\t\t\t\t\t<div class=\"elementor-icon\">\n\t\t\t\t\t\t\t\t\t<svg xmlns=\"http:\/\/www.w3.org\/2000\/svg\" id=\"Layer_1\" viewbox=\"0 0 64 64\" data-name=\"Layer 1\"><path d=\"m14 48a4 4 0 1 0 -4 4 4 4 0 0 0 4-4zm-6 0a2 2 0 1 1 2 2 2 2 0 0 1 -2-2z\"><\/path><path d=\"m1 58v4a1 1 0 0 0 1 1h16a1 1 0 0 0 1-1v-4a5 5 0 0 0 -5-5h-8a5 5 0 0 0 -5 5zm16 0v3h-2v-3a1 1 0 0 0 -2 0v3h-6v-3a1 1 0 0 0 -2 0v3h-2v-3a3 3 0 0 1 3-3h8a3 3 0 0 1 3 3z\"><\/path><path d=\"m36 48a4 4 0 1 0 -4 4 4 4 0 0 0 4-4zm-6 0a2 2 0 1 1 2 2 2 2 0 0 1 -2-2z\"><\/path><path d=\"m23 58v4a1 1 0 0 0 1 1h16a1 1 0 0 0 1-1v-4a5 5 0 0 0 -5-5h-8a5 5 0 0 0 -5 5zm16 0v3h-2v-3a1 1 0 0 0 -2 0v3h-6v-3a1 1 0 0 0 -2 0v3h-2v-3a3 3 0 0 1 3-3h8a3 3 0 0 1 3 3z\"><\/path><path d=\"m58 48a4 4 0 1 0 -4 4 4 4 0 0 0 4-4zm-6 0a2 2 0 1 1 2 2 2 2 0 0 1 -2-2z\"><\/path><path d=\"m58 53h-8a5 5 0 0 0 -5 5v4a1 1 0 0 0 1 1h16a1 1 0 0 0 1-1v-4a5 5 0 0 0 -5-5zm3 8h-2v-3a1 1 0 0 0 -2 0v3h-6v-3a1 1 0 0 0 -2 0v3h-2v-3a3 3 0 0 1 3-3h8a3 3 0 0 1 3 3z\"><\/path><path d=\"m1.92 41h16a1 1 0 0 0 1-1v-9.66l9.41-12.14a2.47 2.47 0 0 0 .46-2.7c0-.08-.09-.14-.13-.21l6.12-7.67a1 1 0 0 0 -1.56-1.24l-6.16 7.7a2.7 2.7 0 0 0 -.57-.08 2.49 2.49 0 0 0 -1.66.63l-8.29 7.37h-10.62a5 5 0 0 0 -5 5v13a1 1 0 0 0 1 1zm1-14a3 3 0 0 1 3-3h11a1 1 0 0 0 .67-.25l8.57-7.62a.47.47 0 0 1 .34-.13.5.5 0 0 1 .46.3.54.54 0 0 1 -.15.6l-9.68 12.49a1 1 0 0 0 -.21.61v9h-14z\"><\/path><path d=\"m10.92 21a6 6 0 1 0 -6-6 6 6 0 0 0 6 6zm0-10a4 4 0 1 1 -4 4 4 4 0 0 1 4-4z\"><\/path><path d=\"m62 1h-60a1 1 0 0 0 -1 1v18a1 1 0 0 0 2 0v-17h58v36h-39a1 1 0 0 0 0 2h40a1 1 0 0 0 1-1v-38a1 1 0 0 0 -1-1z\"><\/path><path d=\"m36 13a1 1 0 0 0 1 1h20a1 1 0 0 0 0-2h-20a1 1 0 0 0 -1 1z\"><\/path><path d=\"m57 8a1 1 0 0 0 0-2h-13a1 1 0 0 0 0 2z\"><\/path><path d=\"m32 20a1 1 0 0 0 1 1h24a1 1 0 0 0 0-2h-24a1 1 0 0 0 -1 1z\"><\/path><path d=\"m57 26h-30a1 1 0 0 0 0 2h30a1 1 0 0 0 0-2z\"><\/path><path d=\"m57 33h-35a1 1 0 0 0 0 2h35a1 1 0 0 0 0-2z\"><\/path><\/svg>\t\t\t\t\t\t\t\t<\/div>\n\t\t\t\t\t\t\t<\/div>\n\t\t\t\t\t\t\n\t\t\t\t\t\t\t\t\t\t\t\t\t<h3 class=\"elementor-flip-box__layer__title\">\n\t\t\t\t\t\t\t\tSegundo Paso\t\t\t\t\t\t\t<\/h3>\n\t\t\t\t\t\t\n\t\t\t\t\t\t\t\t\t\t\t<\/div>\n\t\t\t\t<\/div>\n\t\t\t<\/div>\n\t\t\t<div class=\"elementor-flip-box__layer elementor-flip-box__back\">\n\t\t\t<div class=\"elementor-flip-box__layer__overlay\">\n\t\t\t\t<div class=\"elementor-flip-box__layer__inner\">\n\t\t\t\t\t\t\t\t\t\t\t<h3 class=\"elementor-flip-box__layer__title\">\n\t\t\t\t\t\t\tParticipa en las Clases\t\t\t\t\t\t<\/h3>\n\t\t\t\t\t\n\t\t\t\t\t\t\t\t\t\t\t<div class=\"elementor-flip-box__layer__description\">\n\t\t\t\t\t\t\tAsiste a nuestras clases de manejo para dominar las reglas de la carretera y las habilidades esenciales. Nuestros instructores experimentados se asegurar\u00e1n de que est\u00e9s bien preparado para los desaf\u00edos de la conducci\u00f3n.\t\t\t\t\t\t<\/div>\n\t\t\t\t\t\n\t\t\t\t\t\t\t\t<\/div>\n\t\t<\/div>\n\t\t<\/div>\n\t\t<\/div>\n\t\t\t\t\t\t<\/div>\n\t\t\t\t<\/div>\n\t\t\t\t<div class=\"elementor-element elementor-element-171ca6e elementor-flip-box--effect-push elementor-widget__width-initial elementor-widget-mobile__width-inherit elementor-flip-box--direction-up elementor-invisible elementor-widget elementor-widget-flip-box\" data-id=\"171ca6e\" data-element_type=\"widget\" data-settings=\"{&quot;_animation&quot;:&quot;bounceInDown&quot;}\" data-widget_type=\"flip-box.default\">\n\t\t\t\t<div class=\"elementor-widget-container\">\n\t\t\t\t\t\t\t<div class=\"elementor-flip-box\" tabindex=\"0\">\n\t\t\t<div class=\"elementor-flip-box__layer elementor-flip-box__front\">\n\t\t\t\t<div class=\"elementor-flip-box__layer__overlay\">\n\t\t\t\t\t<div class=\"elementor-flip-box__layer__inner\">\n\t\t\t\t\t\t\t\t\t\t\t\t\t<div class=\"elementor-icon-wrapper elementor-view-default\">\n\t\t\t\t\t\t\t\t<div class=\"elementor-icon\">\n\t\t\t\t\t\t\t\t\t<svg xmlns=\"http:\/\/www.w3.org\/2000\/svg\" clip-rule=\"evenodd\" fill-rule=\"evenodd\" height=\"512\" viewbox=\"0 0 1707 1707\" width=\"512\"><g id=\"Layer_x0020_1\"><g id=\"_518121672\"><g><path d=\"m1132 1539h-1039c-51 0-93-42-93-93v-1185c0-52 42-93 93-93h1039c51 0 93 41 93 93v1185c0 51-42 93-93 93zm-1039-1331c-29 0-53 23-53 53v1185c0 29 24 53 53 53h1039c29 0 53-24 53-53v-1185c0-30-24-53-53-53z\"><\/path><\/g><g><path d=\"m1024 373h-404c-11 0-20-9-20-20 0-12 9-20 20-20h404c11 0 20 8 20 20 0 11-9 20-20 20z\"><\/path><\/g><g><path d=\"m1024 583h-404c-11 0-20-9-20-20s9-20 20-20h404c11 0 20 9 20 20s-9 20-20 20z\"><\/path><\/g><g><path d=\"m430 583h-251c-11 0-20-9-20-20v-210c0-12 9-20 20-20h251c11 0 20 8 20 20v210c0 11-9 20-20 20zm-231-40h211v-170h-211z\"><\/path><\/g><g><path d=\"m1024 768h-404c-11 0-20-9-20-20s9-20 20-20h404c11 0 20 9 20 20s-9 20-20 20z\"><\/path><\/g><g><path d=\"m1024 979h-404c-11 0-20-9-20-20s9-20 20-20h404c11 0 20 9 20 20s-9 20-20 20z\"><\/path><\/g><g><path d=\"m430 979h-251c-11 0-20-9-20-20v-211c0-11 9-20 20-20h251c11 0 20 9 20 20v211c0 11-9 20-20 20zm-231-40h211v-171h-211z\"><\/path><\/g><g><path d=\"m1024 1163h-404c-11 0-20-9-20-20s9-20 20-20h404c11 0 20 9 20 20s-9 20-20 20z\"><\/path><\/g><g><path d=\"m1024 1374h-404c-11 0-20-9-20-20s9-20 20-20h404c11 0 20 9 20 20s-9 20-20 20z\"><\/path><\/g><g><path d=\"m430 1374h-251c-11 0-20-9-20-20v-211c0-11 9-20 20-20h251c11 0 20 9 20 20v211c0 11-9 20-20 20zm-231-40h211v-171h-211z\"><\/path><\/g><g><path d=\"m304 478s-1 0-2 0c-5-1-10-4-13-8l-36-46c-7-8-5-21 3-28 9-6 22-5 28 4l24 30 176-141c8-7 21-6 28 3s5 21-3 28l-192 154c-4 2-8 4-13 4z\"><\/path><\/g><g><path d=\"m304 873s-1 0-2 0c-5 0-10-3-13-7l-39-50c-7-9-6-22 3-28 9-7 21-6 28 3l27 34 176-141c8-7 21-5 28 3 7 9 5 22-3 28l-192 154c-4 3-8 4-13 4z\"><\/path><\/g><g><path d=\"m179 1374c-5 0-11-2-15-7-7-8-6-21 2-28l251-211c8-7 21-6 28 2 7 9 6 21-3 29l-250 210c-4 4-8 5-13 5z\"><\/path><\/g><g><path d=\"m1551 1392h-216c-12 0-20-9-20-20v-920c0-71 57-128 128-128 70 0 128 57 128 128v920c0 11-9 20-20 20zm-196-40h176v-900c0-49-40-88-88-88-49 0-89 39-89 88v900z\"><\/path><\/g><g><path d=\"m1443 1539c-7 0-13-3-16-8l-109-147c-4-6-5-14-1-21 3-7 10-11 18-11h216c7 0 14 4 18 11 3 7 2 15-2 21l-108 147c-4 5-10 8-16 8zm-69-147 69 93 68-93z\"><\/path><\/g><g><path d=\"m1687 934c-12 0-20-9-20-20v-357h-332c-12 0-20-9-20-20s8-20 20-20h352c11 0 20 9 20 20v377c0 11-9 20-20 20z\"><\/path><\/g><g><path d=\"m1443 1164c-11 0-20-8-20-20v-422c0-11 9-20 20-20s20 9 20 20v422c0 12-9 20-20 20z\"><\/path><\/g><\/g><\/g><\/svg>\t\t\t\t\t\t\t\t<\/div>\n\t\t\t\t\t\t\t<\/div>\n\t\t\t\t\t\t\n\t\t\t\t\t\t\t\t\t\t\t\t\t<h3 class=\"elementor-flip-box__layer__title\">\n\t\t\t\t\t\t\t\tTercer Paso\t\t\t\t\t\t\t<\/h3>\n\t\t\t\t\t\t\n\t\t\t\t\t\t\t\t\t\t\t<\/div>\n\t\t\t\t<\/div>\n\t\t\t<\/div>\n\t\t\t<div class=\"elementor-flip-box__layer elementor-flip-box__back\">\n\t\t\t<div class=\"elementor-flip-box__layer__overlay\">\n\t\t\t\t<div class=\"elementor-flip-box__layer__inner\">\n\t\t\t\t\t\t\t\t\t\t\t<h3 class=\"elementor-flip-box__layer__title\">\n\t\t\t\t\t\t\tPresenta el Examen\t\t\t\t\t\t<\/h3>\n\t\t\t\t\t\n\t\t\t\t\t\t\t\t\t\t\t<div class=\"elementor-flip-box__layer__description\">\n\t\t\t\t\t\t\tCompleta el proceso presentando tu examen de manejo. Demuestra tus conocimientos y habilidades para obtener tu licencia y convertirte en un conductor confiado y calificado.\t\t\t\t\t\t<\/div>\n\t\t\t\t\t\n\t\t\t\t\t\t\t\t<\/div>\n\t\t<\/div>\n\t\t<\/div>\n\t\t<\/div>\n\t\t\t\t\t\t<\/div>\n\t\t\t\t<\/div>\n\t\t\t\t<div class=\"elementor-element elementor-element-e48317d elementor-flip-box--effect-push elementor-widget__width-initial elementor-widget-mobile__width-inherit elementor-flip-box--direction-up elementor-invisible elementor-widget elementor-widget-flip-box\" data-id=\"e48317d\" data-element_type=\"widget\" data-settings=\"{&quot;_animation&quot;:&quot;bounceInDown&quot;}\" data-widget_type=\"flip-box.default\">\n\t\t\t\t<div class=\"elementor-widget-container\">\n\t\t\t\t\t\t\t<div class=\"elementor-flip-box\" tabindex=\"0\">\n\t\t\t<div class=\"elementor-flip-box__layer elementor-flip-box__front\">\n\t\t\t\t<div class=\"elementor-flip-box__layer__overlay\">\n\t\t\t\t\t<div class=\"elementor-flip-box__layer__inner\">\n\t\t\t\t\t\t\t\t\t\t\t\t\t<div class=\"elementor-icon-wrapper elementor-view-default\">\n\t\t\t\t\t\t\t\t<div class=\"elementor-icon\">\n\t\t\t\t\t\t\t\t\t<svg xmlns=\"http:\/\/www.w3.org\/2000\/svg\" id=\"Layer_1\" data-name=\"Layer 1\" viewbox=\"0 0 512 512\" width=\"512\" height=\"512\"><title>Service Checklist <\/title><path d=\"M332.487,319.24A60.017,60.017,0,1,0,392.5,259.223,60.085,60.085,0,0,0,332.487,319.24Zm106.034,0A46.017,46.017,0,1,1,392.5,273.223,46.069,46.069,0,0,1,438.521,319.24Z\"><\/path><path d=\"M370.468,312.744a7,7,0,0,0-9.9,9.9l19.983,19.982a7,7,0,0,0,9.785.113l35.228-33.649a7,7,0,0,0-9.67-10.124L385.614,327.89Z\"><\/path><path d=\"M85.89,209.581A23.21,23.21,0,0,0,86.055,256h.177a23.21,23.21,0,1,0-.342-46.419Zm6.748,29.713a9.171,9.171,0,0,1-6.509,2.752,8.95,8.95,0,0,1-6.549-2.655,9.174,9.174,0,0,1-2.752-6.51,8.7,8.7,0,0,1,2.656-6.339A8.908,8.908,0,0,1,85.993,224h.07a8.94,8.94,0,0,1,6.575,15.294Z\"><\/path><path d=\"M26,176h.061l16.18.063a37.476,37.476,0,0,0-2.548,2.835A40.2,40.2,0,0,0,30.54,205.05a7.187,7.187,0,0,0,.062.9l9.676,72.182a22.709,22.709,0,0,0,17.9,21.514l.163,21.851A14.658,14.658,0,0,0,73.17,336h.111l23.781.05a14.64,14.64,0,0,0,14.721-14.771l-.162-21.5L292,298.476v105.21A30.393,30.393,0,0,0,322.571,434H462.437A30.386,30.386,0,0,0,493,403.686V234.794A30.8,30.8,0,0,0,462.437,204h-25.67a25.432,25.432,0,0,0-24.228-18H391.621a34.356,34.356,0,0,0-8.677-12.041l16.508-.216a7.073,7.073,0,0,0,6.935-7.455,59.045,59.045,0,0,0-2.963-14.281C399.866,141.59,388.983,135,375.648,135h-.294c-7.5,0-20.729-.009-27.428.015l-12.477-22.656c-9.176-16.171-22.6-34.748-44.794-34.578L134.738,78.916c-18.083.133-33.99,12.65-44.81,35.265L77.265,137.008c-6.709.036-20.144.108-27.694.164-13.467.1-24.385,6.976-27.814,17.521a59.389,59.389,0,0,0-2.751,14.428,6.545,6.545,0,0,0,1.965,4.952A6.818,6.818,0,0,0,26,176ZM97.544,322.028a.807.807,0,0,1-.586.248l-23.78.175a.846.846,0,0,1-.838-.825l-.158-21.53,25.443-.187.159,21.529A.809.809,0,0,1,97.544,322.028ZM292,234.794v49.682L63,286h-.065a8.6,8.6,0,0,1-8.662-8.517,6.346,6.346,0,0,0-.061-.838L44.54,204.561a26.332,26.332,0,0,1,5.874-16.568,18.818,18.818,0,0,1,13.243-7.012,6.923,6.923,0,0,0,1.02.019h.051l295.525-2.111c.045,0,.089.218.135.218A18.767,18.767,0,0,1,375.053,186h-2.584a25.432,25.432,0,0,0-24.228,18h-25.67A30.8,30.8,0,0,0,292,234.794Zm-31.838-69.1a25.464,25.464,0,0,1,49.532-.365ZM436.48,218h25.957A16.781,16.781,0,0,1,479,234.794V403.686A16.371,16.371,0,0,1,462.437,420H322.571A16.378,16.378,0,0,1,306,403.686V234.794A16.788,16.788,0,0,1,322.571,218h25.957c3.2,10,12.719,18,23.941,18h40.07C423.761,236,433.284,228,436.48,218Zm-23.941-18a11,11,0,1,1,0,22h-40.07a11,11,0,1,1,0-22Zm-37.082-51h.185c7.141,0,12.969,2.94,14.534,7.521.389,1.14.712,2.2.98,3.255l-29.4.2L355.639,149C362.277,148.974,370.25,149,375.457,149ZM102.275,120.777c.07-.127.137-.256.2-.387,4.86-10.213,15.527-27.241,32.367-27.365L290.758,92h.186c11.736,0,21.416,8.1,32.289,27.263L348.574,165.1l-24.621.167A39.546,39.546,0,0,0,284.976,132h-.3a39.389,39.389,0,0,0-38.776,33.815L76.613,167.054ZM35.07,159.022c1.51-4.644,7.379-7.8,14.6-7.852,5.185-.038,13.151-.085,19.8-.123l-6.121,11.036-29.214.252C34.394,161.279,34.7,160.163,35.07,159.022Z\"><\/path><path d=\"M259.357,260.257l-91.952.678A7.033,7.033,0,0,0,167.456,275h.052l91.952-.71a7.017,7.017,0,0,0-.1-14.033Z\"><\/path><path d=\"M171.7,240h.053a6.832,6.832,0,0,0,6.948-6.873l-.111-14.87a6.929,6.929,0,0,0-7.051-6.9,7.019,7.019,0,0,0-6.948,7.074l.11,14.792A6.86,6.86,0,0,0,171.7,240Z\"><\/path><path d=\"M143.831,211.6a7,7,0,0,0-6.948,7.052l.11,15.178a7.191,7.191,0,0,0,7,7.168h.052a7.174,7.174,0,0,0,6.949-7.271l-.11-15.069A7.114,7.114,0,0,0,143.831,211.6Z\"><\/path><path d=\"M282.418,211h-.053a6.806,6.806,0,0,0-6.948,6.843l.111,15.084a7.108,7.108,0,0,0,7,7.073h.052a7.182,7.182,0,0,0,6.948-7.281l-.11-14.865A6.92,6.92,0,0,0,282.418,211Z\"><\/path><path d=\"M199.406,240h.052a6.916,6.916,0,0,0,6.948-6.975L206.3,218.1a7,7,0,0,0-14,.132l.11,14.887A6.939,6.939,0,0,0,199.406,240Z\"><\/path><path d=\"M227.113,240h.053a7,7,0,0,0,6.948-7.077L234,217.956A7.007,7.007,0,0,0,227,211h-.052A6.977,6.977,0,0,0,220,218.047l.11,14.982A7.019,7.019,0,0,0,227.113,240Z\"><\/path><path d=\"M254.82,240h.052a7.092,7.092,0,0,0,6.948-7.179l-.11-14.916a6.963,6.963,0,0,0-7-6.905h-.052a6.89,6.89,0,0,0-6.948,6.945l.11,15.033A7.063,7.063,0,0,0,254.82,240Z\"><\/path><\/svg>\t\t\t\t\t\t\t\t<\/div>\n\t\t\t\t\t\t\t<\/div>\n\t\t\t\t\t\t\n\t\t\t\t\t\t\t\t\t\t\t\t\t<h3 class=\"elementor-flip-box__layer__title\">\n\t\t\t\t\t\t\t\tCuarto Paso\t\t\t\t\t\t\t<\/h3>\n\t\t\t\t\t\t\n\t\t\t\t\t\t\t\t\t\t\t<\/div>\n\t\t\t\t<\/div>\n\t\t\t<\/div>\n\t\t\t<div class=\"elementor-flip-box__layer elementor-flip-box__back\">\n\t\t\t<div class=\"elementor-flip-box__layer__overlay\">\n\t\t\t\t<div class=\"elementor-flip-box__layer__inner\">\n\t\t\t\t\t\t\t\t\t\t\t<h3 class=\"elementor-flip-box__layer__title\">\n\t\t\t\t\t\t\tReclama tu Licencia\t\t\t\t\t\t<\/h3>\n\t\t\t\t\t\n\t\t\t\t\t\t\t\t\t\t\t<div class=\"elementor-flip-box__layer__description\">\n\t\t\t\t\t\t\tUna vez que apruebes el examen, reclama tu licencia. \u00a1Felicitaciones por convertirte en un conductor certificado listo para salir a la carretera!\t\t\t\t\t\t<\/div>\n\t\t\t\t\t\n\t\t\t\t\t\t\t\t<\/div>\n\t\t<\/div>\n\t\t<\/div>\n\t\t<\/div>\n\t\t\t\t\t\t<\/div>\n\t\t\t\t<\/div>\n\t\t\t\t\t<\/div>\n\t\t\t\t<\/div>\n\t\t\t\t<\/div>","protected":false},"excerpt":{"rendered":"<p>Some Amazing Features Doral Driving School is a comprehensive educational institution conveniently situated for your convenience. Embarking on the journey towards obtaining a Florida driver&#8217;s license commences with acing the written exam. Florida mandates that all novice drivers, whether adolescents or adults, must successfully pass the written assessment to acquire an instruction permit before commencing [&hellip;]<\/p>","protected":false},"author":1,"featured_media":0,"parent":0,"menu_order":0,"comment_status":"closed","ping_status":"closed","template":"","meta":{"_acf_changed":false,"footnotes":""},"class_list":["post-110","page","type-page","status-publish","hentry"],"acf":[],"_links":{"self":[{"href":"https:\/\/doraldrivingschool.com\/es\/wp-json\/wp\/v2\/pages\/110","targetHints":{"allow":["GET"]}}],"collection":[{"href":"https:\/\/doraldrivingschool.com\/es\/wp-json\/wp\/v2\/pages"}],"about":[{"href":"https:\/\/doraldrivingschool.com\/es\/wp-json\/wp\/v2\/types\/page"}],"author":[{"embeddable":true,"href":"https:\/\/doraldrivingschool.com\/es\/wp-json\/wp\/v2\/users\/1"}],"replies":[{"embeddable":true,"href":"https:\/\/doraldrivingschool.com\/es\/wp-json\/wp\/v2\/comments?post=110"}],"version-history":[{"count":37,"href":"https:\/\/doraldrivingschool.com\/es\/wp-json\/wp\/v2\/pages\/110\/revisions"}],"predecessor-version":[{"id":653,"href":"https:\/\/doraldrivingschool.com\/es\/wp-json\/wp\/v2\/pages\/110\/revisions\/653"}],"wp:attachment":[{"href":"https:\/\/doraldrivingschool.com\/es\/wp-json\/wp\/v2\/media?parent=110"}],"curies":[{"name":"wp","href":"https:\/\/api.w.org\/{rel}","templated":true}]}}